{"id":46,"date":"2024-12-20T07:23:47","date_gmt":"2024-12-20T06:23:47","guid":{"rendered":"https:\/\/agenceeos.fr\/?page_id=46"},"modified":"2025-01-17T17:50:28","modified_gmt":"2025-01-17T16:50:28","slug":"brands","status":"publish","type":"page","link":"https:\/\/agenceeos.fr\/?page_id=46","title":{"rendered":"About"},"content":{"rendered":"\n<p>EOS est une soci\u00e9t\u00e9 ind\u00e9pendante de production audiovisuelle. Nous produisons et r\u00e9alisons des films pour la t\u00e9l\u00e9vision, du contenu visuel pour le\u00a0digital et les marques.<\/p>\n\n\n\n<p>De la conceptualisation d&rsquo;une id\u00e9e \u00e0 la livraison d&rsquo;un produit fini, nous travaillons en \u00e9troite collaboration avec nos clients afin de cr\u00e9er le contenu visuel le plus impactant.<\/p>\n\n\n\n<p><\/p>\n\n\n\n<p><\/p>\n\n\n\n<p><\/p>\n","protected":false},"excerpt":{"rendered":"<p>EOS est une soci\u00e9t\u00e9 ind\u00e9pendante de production audiovisuelle. Nous produisons et r\u00e9alisons des films pour la t\u00e9l\u00e9vision, du contenu visuel pour le\u00a0digital et les marques. De la conceptualisation d&rsquo;une id\u00e9e \u00e0 la livraison d&rsquo;un produit fini, nous travaillons en \u00e9troite collaboration avec nos clients afin de cr\u00e9er le contenu visuel le plus impactant.<\/p>\n","protected":false},"author":1,"featured_media":138,"parent":0,"menu_order":0,"comment_status":"closed","ping_status":"closed","template":"","meta":{"footnotes":""},"class_list":["post-46","page","type-page","status-publish","has-post-thumbnail","hentry"],"_links":{"self":[{"href":"https:\/\/agenceeos.fr\/index.php?rest_route=\/wp\/v2\/pages\/46","targetHints":{"allow":["GET"]}}],"collection":[{"href":"https:\/\/agenceeos.fr\/index.php?rest_route=\/wp\/v2\/pages"}],"about":[{"href":"https:\/\/agenceeos.fr\/index.php?rest_route=\/wp\/v2\/types\/page"}],"author":[{"embeddable":true,"href":"https:\/\/agenceeos.fr\/index.php?rest_route=\/wp\/v2\/users\/1"}],"replies":[{"embeddable":true,"href":"https:\/\/agenceeos.fr\/index.php?rest_route=%2Fwp%2Fv2%2Fcomments&post=46"}],"version-history":[{"count":9,"href":"https:\/\/agenceeos.fr\/index.php?rest_route=\/wp\/v2\/pages\/46\/revisions"}],"predecessor-version":[{"id":149,"href":"https:\/\/agenceeos.fr\/index.php?rest_route=\/wp\/v2\/pages\/46\/revisions\/149"}],"wp:featuredmedia":[{"embeddable":true,"href":"https:\/\/agenceeos.fr\/index.php?rest_route=\/wp\/v2\/media\/138"}],"wp:attachment":[{"href":"https:\/\/agenceeos.fr\/index.php?rest_route=%2Fwp%2Fv2%2Fmedia&parent=46"}],"curies":[{"name":"wp","href":"https:\/\/api.w.org\/{rel}","templated":true}]}}