{"id":41,"date":"2024-12-20T07:17:52","date_gmt":"2024-12-20T06:17:52","guid":{"rendered":"https:\/\/agenceeos.fr\/?page_id=41"},"modified":"2025-01-17T17:47:18","modified_gmt":"2025-01-17T16:47:18","slug":"presse","status":"publish","type":"page","link":"https:\/\/agenceeos.fr\/?page_id=41","title":{"rendered":"Films"},"content":{"rendered":"\n<p>EOS est une soci\u00e9t\u00e9 de production ind\u00e9pendante. Nous produisons des films documentaires et reportages pour la t\u00e9l\u00e9vision et des films institutionnels pour les entreprises.<\/p>\n\n\n\n<p><\/p>\n","protected":false},"excerpt":{"rendered":"<p>EOS est une soci\u00e9t\u00e9 de production ind\u00e9pendante. Nous produisons des films documentaires et reportages pour la t\u00e9l\u00e9vision et des films institutionnels pour les entreprises.<\/p>\n","protected":false},"author":1,"featured_media":63,"parent":0,"menu_order":0,"comment_status":"closed","ping_status":"closed","template":"","meta":{"footnotes":""},"class_list":["post-41","page","type-page","status-publish","has-post-thumbnail","hentry"],"_links":{"self":[{"href":"https:\/\/agenceeos.fr\/index.php?rest_route=\/wp\/v2\/pages\/41","targetHints":{"allow":["GET"]}}],"collection":[{"href":"https:\/\/agenceeos.fr\/index.php?rest_route=\/wp\/v2\/pages"}],"about":[{"href":"https:\/\/agenceeos.fr\/index.php?rest_route=\/wp\/v2\/types\/page"}],"author":[{"embeddable":true,"href":"https:\/\/agenceeos.fr\/index.php?rest_route=\/wp\/v2\/users\/1"}],"replies":[{"embeddable":true,"href":"https:\/\/agenceeos.fr\/index.php?rest_route=%2Fwp%2Fv2%2Fcomments&post=41"}],"version-history":[{"count":8,"href":"https:\/\/agenceeos.fr\/index.php?rest_route=\/wp\/v2\/pages\/41\/revisions"}],"predecessor-version":[{"id":146,"href":"https:\/\/agenceeos.fr\/index.php?rest_route=\/wp\/v2\/pages\/41\/revisions\/146"}],"wp:featuredmedia":[{"embeddable":true,"href":"https:\/\/agenceeos.fr\/index.php?rest_route=\/wp\/v2\/media\/63"}],"wp:attachment":[{"href":"https:\/\/agenceeos.fr\/index.php?rest_route=%2Fwp%2Fv2%2Fmedia&parent=41"}],"curies":[{"name":"wp","href":"https:\/\/api.w.org\/{rel}","templated":true}]}}